{"id":36855,"date":"2025-01-23T23:16:29","date_gmt":"2025-01-23T23:16:29","guid":{"rendered":"https:\/\/tp3.d00.mytemp.website\/?page_id=36855"},"modified":"2025-01-23T23:16:29","modified_gmt":"2025-01-23T23:16:29","slug":"corregidora","status":"publish","type":"page","link":"https:\/\/nativoqueretaro.mx\/index.php\/corregidora\/","title":{"rendered":"Corregidora"},"content":{"rendered":"<div id=\"bdpp-post-list-1\" class=\"bdpp-wrap bdpp-post-list-wrap bdpp-post-data-wrap bdpp-design-1  bdpp-clearfix\">\r\n\t<div class=\"bdpp-post-list-inr-wrap bdpp-post-data-inr-wrap bdpp-clearfix\"><div class=\"bdpp-post-list-main bdpp-post-42139 bdpp-post-standard bdpp-has-thumb\">\r\n\t<div class=\"bdpp-post-list-content bdpp-clearfix\">\r\n\t\t\t\t<div class=\"bdpp-post-list-left bdpp-col-2 bdpp-columns\">\r\n\t\t\t<div class=\"bdpp-post-img-bg\">\r\n\t\t\t\t<a href=\"https:\/\/nativoqueretaro.mx\/index.php\/2026\/05\/05\/arranca-corregidora-primera-entrega-de-becas-municipales\/\" target=\"_self\">\r\n\t\t\t\t\t<img decoding=\"async\" src=\"https:\/\/nativoqueretaro.mx\/wp-content\/uploads\/2026\/05\/Entrega-de-becas-2026-Corregidora-640x480.webp\" class=\"bdpp-img bdpp-post-feat-img\" alt=\"Arranca Corregidora primera entrega de Becas Municipales\" \/>\r\n\t\t\t\t\t\t\t\t\t<\/a>\r\n\t\t\t<\/div>\r\n\t\t<\/div>\r\n\t\t\r\n\t\t<div class=\"bdpp-post-list-right bdpp-col-2 bdpp-columns\">\r\n\t\t\t\t\t\t<div class=\"bdpp-post-cats\"><a class=\"bdpp-post-cat-link bdpp-post-cat-4 bdpp-post-cat-corregidora\" href=\"https:\/\/nativoqueretaro.mx\/index.php\/category\/corregidora\/\">Corregidora<\/a><\/div>\r\n\t\t\t\r\n\t\t\t<h2 class=\"bdpp-post-title\">\r\n\t\t\t\t<a href=\"https:\/\/nativoqueretaro.mx\/index.php\/2026\/05\/05\/arranca-corregidora-primera-entrega-de-becas-municipales\/\" target=\"_self\">Arranca Corregidora primera entrega de Becas Municipales<\/a>\r\n\t\t\t<\/h2>\r\n\r\n\t\t\t\t\t\t<div class=\"bdpp-post-meta bdpp-post-meta-up\">\r\n\t\t\t\t<span class=\"bdpp-post-meta-data bdpp-post-date\"><i class=\"fa fa-clock-o\"><\/i>5 mayo, 2026<\/span>\t\t\t<\/div>\r\n\t\t\t\t\t\t<div class=\"bdpp-post-content\">\r\n\t\t\t\t<div class=\"bdpp-post-desc\">Corregidora, Qro., 5 de mayo de 2026.- El municipio de Corregidora inici\u00f3 este 4 de mayo la entrega de la...<\/div>\r\n\t\t\t\t\t\t\t\t\t<a href=\"https:\/\/nativoqueretaro.mx\/index.php\/2026\/05\/05\/arranca-corregidora-primera-entrega-de-becas-municipales\/\" target=\"_self\" class=\"bdpp-rdmr-btn\">Lee Mas<\/a>\r\n\t\t\t\t\t\t\t<\/div>\r\n\t\t\t\t\t<\/div>\r\n\t<\/div>\r\n<\/div><div class=\"bdpp-post-list-main bdpp-post-42124 bdpp-post-standard bdpp-has-thumb\">\r\n\t<div class=\"bdpp-post-list-content bdpp-clearfix\">\r\n\t\t\t\t<div class=\"bdpp-post-list-left bdpp-col-2 bdpp-columns\">\r\n\t\t\t<div class=\"bdpp-post-img-bg\">\r\n\t\t\t\t<a href=\"https:\/\/nativoqueretaro.mx\/index.php\/2026\/05\/03\/dif-de-corregidora-ofrece-servicios-dentales-gratuitos\/\" target=\"_self\">\r\n\t\t\t\t\t<img decoding=\"async\" src=\"https:\/\/nativoqueretaro.mx\/wp-content\/uploads\/2026\/05\/Atencion-dental-DIF-Corregidora2-852x500-1-640x480.webp\" class=\"bdpp-img bdpp-post-feat-img\" alt=\"DIF de Corregidora ofrece servicios dentales gratuitos\" \/>\r\n\t\t\t\t\t\t\t\t\t<\/a>\r\n\t\t\t<\/div>\r\n\t\t<\/div>\r\n\t\t\r\n\t\t<div class=\"bdpp-post-list-right bdpp-col-2 bdpp-columns\">\r\n\t\t\t\t\t\t<div class=\"bdpp-post-cats\"><a class=\"bdpp-post-cat-link bdpp-post-cat-4 bdpp-post-cat-corregidora\" href=\"https:\/\/nativoqueretaro.mx\/index.php\/category\/corregidora\/\">Corregidora<\/a><\/div>\r\n\t\t\t\r\n\t\t\t<h2 class=\"bdpp-post-title\">\r\n\t\t\t\t<a href=\"https:\/\/nativoqueretaro.mx\/index.php\/2026\/05\/03\/dif-de-corregidora-ofrece-servicios-dentales-gratuitos\/\" target=\"_self\">DIF de Corregidora ofrece servicios dentales gratuitos<\/a>\r\n\t\t\t<\/h2>\r\n\r\n\t\t\t\t\t\t<div class=\"bdpp-post-meta bdpp-post-meta-up\">\r\n\t\t\t\t<span class=\"bdpp-post-meta-data bdpp-post-date\"><i class=\"fa fa-clock-o\"><\/i>3 mayo, 2026<\/span>\t\t\t<\/div>\r\n\t\t\t\t\t\t<div class=\"bdpp-post-content\">\r\n\t\t\t\t<div class=\"bdpp-post-desc\">El DIF municipal de Corregidora cuenta con atenci\u00f3n odontol\u00f3gica gratuita integral para las familias de la demarcaci\u00f3n, a trav\u00e9s de...<\/div>\r\n\t\t\t\t\t\t\t\t\t<a href=\"https:\/\/nativoqueretaro.mx\/index.php\/2026\/05\/03\/dif-de-corregidora-ofrece-servicios-dentales-gratuitos\/\" target=\"_self\" class=\"bdpp-rdmr-btn\">Lee Mas<\/a>\r\n\t\t\t\t\t\t\t<\/div>\r\n\t\t\t\t\t<\/div>\r\n\t<\/div>\r\n<\/div><div class=\"bdpp-post-list-main bdpp-post-42117 bdpp-post-standard bdpp-has-thumb\">\r\n\t<div class=\"bdpp-post-list-content bdpp-clearfix\">\r\n\t\t\t\t<div class=\"bdpp-post-list-left bdpp-col-2 bdpp-columns\">\r\n\t\t\t<div class=\"bdpp-post-img-bg\">\r\n\t\t\t\t<a href=\"https:\/\/nativoqueretaro.mx\/index.php\/2026\/05\/01\/celebra-corregidora-dia-internacional-de-la-danza-con-gala-artistica-en-el-jardin-principal-de-el-pueblito\/\" target=\"_self\">\r\n\t\t\t\t\t<img decoding=\"async\" src=\"https:\/\/nativoqueretaro.mx\/wp-content\/uploads\/2026\/05\/WhatsApp-Image-2026-04-30-at-12.04.23-PM-1-852x500-1-640x480.webp\" class=\"bdpp-img bdpp-post-feat-img\" alt=\"Celebra Corregidora D\u00eda Internacional de la Danza con gala art\u00edstica en el Jard\u00edn Principal de El Pueblito\" \/>\r\n\t\t\t\t\t\t\t\t\t<\/a>\r\n\t\t\t<\/div>\r\n\t\t<\/div>\r\n\t\t\r\n\t\t<div class=\"bdpp-post-list-right bdpp-col-2 bdpp-columns\">\r\n\t\t\t\t\t\t<div class=\"bdpp-post-cats\"><a class=\"bdpp-post-cat-link bdpp-post-cat-4 bdpp-post-cat-corregidora\" href=\"https:\/\/nativoqueretaro.mx\/index.php\/category\/corregidora\/\">Corregidora<\/a><\/div>\r\n\t\t\t\r\n\t\t\t<h2 class=\"bdpp-post-title\">\r\n\t\t\t\t<a href=\"https:\/\/nativoqueretaro.mx\/index.php\/2026\/05\/01\/celebra-corregidora-dia-internacional-de-la-danza-con-gala-artistica-en-el-jardin-principal-de-el-pueblito\/\" target=\"_self\">Celebra Corregidora D\u00eda Internacional de la Danza con gala art\u00edstica en el Jard\u00edn Principal de El Pueblito<\/a>\r\n\t\t\t<\/h2>\r\n\r\n\t\t\t\t\t\t<div class=\"bdpp-post-meta bdpp-post-meta-up\">\r\n\t\t\t\t<span class=\"bdpp-post-meta-data bdpp-post-date\"><i class=\"fa fa-clock-o\"><\/i>1 mayo, 2026<\/span>\t\t\t<\/div>\r\n\t\t\t\t\t\t<div class=\"bdpp-post-content\">\r\n\t\t\t\t<div class=\"bdpp-post-desc\">El municipio de Corregidora, a trav\u00e9s de la Secretar\u00eda de Cultura y Tradiciones, llev\u00f3 a cabo una gran celebraci\u00f3n con...<\/div>\r\n\t\t\t\t\t\t\t\t\t<a href=\"https:\/\/nativoqueretaro.mx\/index.php\/2026\/05\/01\/celebra-corregidora-dia-internacional-de-la-danza-con-gala-artistica-en-el-jardin-principal-de-el-pueblito\/\" target=\"_self\" class=\"bdpp-rdmr-btn\">Lee Mas<\/a>\r\n\t\t\t\t\t\t\t<\/div>\r\n\t\t\t\t\t<\/div>\r\n\t<\/div>\r\n<\/div><div class=\"bdpp-post-list-main bdpp-post-42103 bdpp-post-standard bdpp-has-thumb\">\r\n\t<div class=\"bdpp-post-list-content bdpp-clearfix\">\r\n\t\t\t\t<div class=\"bdpp-post-list-left bdpp-col-2 bdpp-columns\">\r\n\t\t\t<div class=\"bdpp-post-img-bg\">\r\n\t\t\t\t<a href=\"https:\/\/nativoqueretaro.mx\/index.php\/2026\/04\/30\/se-casan-56-parejas-en-ceremonia-de-matrimonios-colectivos-2026-en-corregidora\/\" target=\"_self\">\r\n\t\t\t\t\t<img decoding=\"async\" src=\"https:\/\/nativoqueretaro.mx\/wp-content\/uploads\/2026\/04\/Matrimonios-comectivos-Corregidora-2026-640x480.webp\" class=\"bdpp-img bdpp-post-feat-img\" alt=\"Se casan 56 parejas en ceremonia de Matrimonios Colectivos 2026 en Corregidora\" \/>\r\n\t\t\t\t\t\t\t\t\t<\/a>\r\n\t\t\t<\/div>\r\n\t\t<\/div>\r\n\t\t\r\n\t\t<div class=\"bdpp-post-list-right bdpp-col-2 bdpp-columns\">\r\n\t\t\t\t\t\t<div class=\"bdpp-post-cats\"><a class=\"bdpp-post-cat-link bdpp-post-cat-4 bdpp-post-cat-corregidora\" href=\"https:\/\/nativoqueretaro.mx\/index.php\/category\/corregidora\/\">Corregidora<\/a><\/div>\r\n\t\t\t\r\n\t\t\t<h2 class=\"bdpp-post-title\">\r\n\t\t\t\t<a href=\"https:\/\/nativoqueretaro.mx\/index.php\/2026\/04\/30\/se-casan-56-parejas-en-ceremonia-de-matrimonios-colectivos-2026-en-corregidora\/\" target=\"_self\">Se casan 56 parejas en ceremonia de Matrimonios Colectivos 2026 en Corregidora<\/a>\r\n\t\t\t<\/h2>\r\n\r\n\t\t\t\t\t\t<div class=\"bdpp-post-meta bdpp-post-meta-up\">\r\n\t\t\t\t<span class=\"bdpp-post-meta-data bdpp-post-date\"><i class=\"fa fa-clock-o\"><\/i>30 abril, 2026<\/span>\t\t\t<\/div>\r\n\t\t\t\t\t\t<div class=\"bdpp-post-content\">\r\n\t\t\t\t<div class=\"bdpp-post-desc\">Corregidora, Qro., 30 de abril de 2026.- En representaci\u00f3n del alcalde, Chepe Guerrero, el secretario del Ayuntamiento, Rafael Montoya, atestigu\u00f3...<\/div>\r\n\t\t\t\t\t\t\t\t\t<a href=\"https:\/\/nativoqueretaro.mx\/index.php\/2026\/04\/30\/se-casan-56-parejas-en-ceremonia-de-matrimonios-colectivos-2026-en-corregidora\/\" target=\"_self\" class=\"bdpp-rdmr-btn\">Lee Mas<\/a>\r\n\t\t\t\t\t\t\t<\/div>\r\n\t\t\t\t\t<\/div>\r\n\t<\/div>\r\n<\/div><div class=\"bdpp-post-list-main bdpp-post-42076 bdpp-post-standard bdpp-has-thumb\">\r\n\t<div class=\"bdpp-post-list-content bdpp-clearfix\">\r\n\t\t\t\t<div class=\"bdpp-post-list-left bdpp-col-2 bdpp-columns\">\r\n\t\t\t<div class=\"bdpp-post-img-bg\">\r\n\t\t\t\t<a href=\"https:\/\/nativoqueretaro.mx\/index.php\/2026\/04\/28\/impulsan-talento-deportivo-en-corregidora-con-academias-gratuitas\/\" target=\"_self\">\r\n\t\t\t\t\t<img decoding=\"async\" src=\"https:\/\/nativoqueretaro.mx\/wp-content\/uploads\/2026\/04\/Chepe-abril-2026-beisbol-Corregidora4-852x500-1-640x480.webp\" class=\"bdpp-img bdpp-post-feat-img\" alt=\"Impulsan talento deportivo en Corregidora con academias gratuitas\" \/>\r\n\t\t\t\t\t\t\t\t\t<\/a>\r\n\t\t\t<\/div>\r\n\t\t<\/div>\r\n\t\t\r\n\t\t<div class=\"bdpp-post-list-right bdpp-col-2 bdpp-columns\">\r\n\t\t\t\t\t\t<div class=\"bdpp-post-cats\"><a class=\"bdpp-post-cat-link bdpp-post-cat-4 bdpp-post-cat-corregidora\" href=\"https:\/\/nativoqueretaro.mx\/index.php\/category\/corregidora\/\">Corregidora<\/a><\/div>\r\n\t\t\t\r\n\t\t\t<h2 class=\"bdpp-post-title\">\r\n\t\t\t\t<a href=\"https:\/\/nativoqueretaro.mx\/index.php\/2026\/04\/28\/impulsan-talento-deportivo-en-corregidora-con-academias-gratuitas\/\" target=\"_self\">Impulsan talento deportivo en Corregidora con academias gratuitas<\/a>\r\n\t\t\t<\/h2>\r\n\r\n\t\t\t\t\t\t<div class=\"bdpp-post-meta bdpp-post-meta-up\">\r\n\t\t\t\t<span class=\"bdpp-post-meta-data bdpp-post-date\"><i class=\"fa fa-clock-o\"><\/i>28 abril, 2026<\/span>\t\t\t<\/div>\r\n\t\t\t\t\t\t<div class=\"bdpp-post-content\">\r\n\t\t\t\t<div class=\"bdpp-post-desc\">Corregidora, Qro., 28 de abril de 2026.- El presidente municipal de Corregidora, Chepe Guerrero, visit\u00f3 a ni\u00f1as, ni\u00f1os y j\u00f3venes...<\/div>\r\n\t\t\t\t\t\t\t\t\t<a href=\"https:\/\/nativoqueretaro.mx\/index.php\/2026\/04\/28\/impulsan-talento-deportivo-en-corregidora-con-academias-gratuitas\/\" target=\"_self\" class=\"bdpp-rdmr-btn\">Lee Mas<\/a>\r\n\t\t\t\t\t\t\t<\/div>\r\n\t\t\t\t\t<\/div>\r\n\t<\/div>\r\n<\/div><div class=\"bdpp-post-list-main bdpp-post-42063 bdpp-post-standard bdpp-has-thumb\">\r\n\t<div class=\"bdpp-post-list-content bdpp-clearfix\">\r\n\t\t\t\t<div class=\"bdpp-post-list-left bdpp-col-2 bdpp-columns\">\r\n\t\t\t<div class=\"bdpp-post-img-bg\">\r\n\t\t\t\t<a href=\"https:\/\/nativoqueretaro.mx\/index.php\/2026\/04\/27\/chepe-guerrero-anuncio-construccion-de-clinica-veterinaria-en-corregidora\/\" target=\"_self\">\r\n\t\t\t\t\t<img decoding=\"async\" src=\"https:\/\/nativoqueretaro.mx\/wp-content\/uploads\/2026\/04\/Anuncio-nueva-veterinaria-Corregidora-abril-2026-Chepe3-852x500-1-640x480.webp\" class=\"bdpp-img bdpp-post-feat-img\" alt=\"Chepe Guerrero anunci\u00f3 construcci\u00f3n de cl\u00ednica veterinaria en Corregidora\" \/>\r\n\t\t\t\t\t\t\t\t\t<\/a>\r\n\t\t\t<\/div>\r\n\t\t<\/div>\r\n\t\t\r\n\t\t<div class=\"bdpp-post-list-right bdpp-col-2 bdpp-columns\">\r\n\t\t\t\t\t\t<div class=\"bdpp-post-cats\"><a class=\"bdpp-post-cat-link bdpp-post-cat-4 bdpp-post-cat-corregidora\" href=\"https:\/\/nativoqueretaro.mx\/index.php\/category\/corregidora\/\">Corregidora<\/a><\/div>\r\n\t\t\t\r\n\t\t\t<h2 class=\"bdpp-post-title\">\r\n\t\t\t\t<a href=\"https:\/\/nativoqueretaro.mx\/index.php\/2026\/04\/27\/chepe-guerrero-anuncio-construccion-de-clinica-veterinaria-en-corregidora\/\" target=\"_self\">Chepe Guerrero anunci\u00f3 construcci\u00f3n de cl\u00ednica veterinaria en Corregidora<\/a>\r\n\t\t\t<\/h2>\r\n\r\n\t\t\t\t\t\t<div class=\"bdpp-post-meta bdpp-post-meta-up\">\r\n\t\t\t\t<span class=\"bdpp-post-meta-data bdpp-post-date\"><i class=\"fa fa-clock-o\"><\/i>27 abril, 2026<\/span>\t\t\t<\/div>\r\n\t\t\t\t\t\t<div class=\"bdpp-post-content\">\r\n\t\t\t\t<div class=\"bdpp-post-desc\">Corregidora, Qro., 27 de abril de 2026.- El alcalde de Corregidora, Chepe Guerrero, anunci\u00f3 la construcci\u00f3n de la primera cl\u00ednica...<\/div>\r\n\t\t\t\t\t\t\t\t\t<a href=\"https:\/\/nativoqueretaro.mx\/index.php\/2026\/04\/27\/chepe-guerrero-anuncio-construccion-de-clinica-veterinaria-en-corregidora\/\" target=\"_self\" class=\"bdpp-rdmr-btn\">Lee Mas<\/a>\r\n\t\t\t\t\t\t\t<\/div>\r\n\t\t\t\t\t<\/div>\r\n\t<\/div>\r\n<\/div>\t<\/div>\r\n\t\t<div class=\"bdpp-paging bdpp-pagi-numeric bdpp-clearfix\">\r\n\t\t<span aria-current=\"page\" class=\"page-numbers current\">1<\/span>\n<a class=\"page-numbers\" href=\"https:\/\/nativoqueretaro.mx\/index.php\/wp-json\/wp\/v2\/pages\/36855\/page\/2\/\">2<\/a>\n<a class=\"page-numbers\" href=\"https:\/\/nativoqueretaro.mx\/index.php\/wp-json\/wp\/v2\/pages\/36855\/page\/3\/\">3<\/a>\n<span class=\"page-numbers dots\">&hellip;<\/span>\n<a class=\"page-numbers\" href=\"https:\/\/nativoqueretaro.mx\/index.php\/wp-json\/wp\/v2\/pages\/36855\/page\/542\/\">542<\/a>\n<a class=\"next page-numbers\" href=\"https:\/\/nativoqueretaro.mx\/index.php\/wp-json\/wp\/v2\/pages\/36855\/page\/2\/\">Next &raquo;<\/a>\t<\/div>\r\n<\/div>\n","protected":false},"excerpt":{"rendered":"","protected":false},"author":1,"featured_media":0,"parent":0,"menu_order":0,"comment_status":"closed","ping_status":"closed","template":"","meta":{"_acf_changed":false,"ocean_post_layout":"right-sidebar","ocean_both_sidebars_style":"","ocean_both_sidebars_content_width":0,"ocean_both_sidebars_sidebars_width":0,"ocean_sidebar":"sidebar","ocean_second_sidebar":"0","ocean_disable_margins":"enable","ocean_add_body_class":"","ocean_shortcode_before_top_bar":"","ocean_shortcode_after_top_bar":"","ocean_shortcode_before_header":"","ocean_shortcode_after_header":"","ocean_has_shortcode":"","ocean_shortcode_after_title":"","ocean_shortcode_before_footer_widgets":"","ocean_shortcode_after_footer_widgets":"","ocean_shortcode_before_footer_bottom":"","ocean_shortcode_after_footer_bottom":"","ocean_display_top_bar":"default","ocean_display_header":"default","ocean_header_style":"","ocean_center_header_left_menu":"0","ocean_custom_header_template":"0","ocean_custom_logo":0,"ocean_custom_retina_logo":0,"ocean_custom_logo_max_width":0,"ocean_custom_logo_tablet_max_width":0,"ocean_custom_logo_mobile_max_width":0,"ocean_custom_logo_max_height":0,"ocean_custom_logo_tablet_max_height":0,"ocean_custom_logo_mobile_max_height":0,"ocean_header_custom_menu":"0","ocean_menu_typo_font_family":"0","ocean_menu_typo_font_subset":"","ocean_menu_typo_font_size":0,"ocean_menu_typo_font_size_tablet":0,"ocean_menu_typo_font_size_mobile":0,"ocean_menu_typo_font_size_unit":"px","ocean_menu_typo_font_weight":"","ocean_menu_typo_font_weight_tablet":"","ocean_menu_typo_font_weight_mobile":"","ocean_menu_typo_transform":"","ocean_menu_typo_transform_tablet":"","ocean_menu_typo_transform_mobile":"","ocean_menu_typo_line_height":0,"ocean_menu_typo_line_height_tablet":0,"ocean_menu_typo_line_height_mobile":0,"ocean_menu_typo_line_height_unit":"","ocean_menu_typo_spacing":0,"ocean_menu_typo_spacing_tablet":0,"ocean_menu_typo_spacing_mobile":0,"ocean_menu_typo_spacing_unit":"","ocean_menu_link_color":"","ocean_menu_link_color_hover":"","ocean_menu_link_color_active":"","ocean_menu_link_background":"","ocean_menu_link_hover_background":"","ocean_menu_link_active_background":"","ocean_menu_social_links_bg":"","ocean_menu_social_hover_links_bg":"","ocean_menu_social_links_color":"","ocean_menu_social_hover_links_color":"","ocean_disable_title":"default","ocean_disable_heading":"default","ocean_post_title":"","ocean_post_subheading":"","ocean_post_title_style":"","ocean_post_title_background_color":"","ocean_post_title_background":0,"ocean_post_title_bg_image_position":"","ocean_post_title_bg_image_attachment":"","ocean_post_title_bg_image_repeat":"","ocean_post_title_bg_image_size":"","ocean_post_title_height":0,"ocean_post_title_bg_overlay":0.5,"ocean_post_title_bg_overlay_color":"","ocean_disable_breadcrumbs":"default","ocean_breadcrumbs_color":"","ocean_breadcrumbs_separator_color":"","ocean_breadcrumbs_links_color":"","ocean_breadcrumbs_links_hover_color":"","ocean_display_footer_widgets":"default","ocean_display_footer_bottom":"default","ocean_custom_footer_template":"0","footnotes":""},"class_list":["post-36855","page","type-page","status-publish","hentry","entry","has-media"],"acf":[],"yoast_head":"<!-- This site is optimized with the Yoast SEO plugin v24.7 - https:\/\/yoast.com\/wordpress\/plugins\/seo\/ -->\n<title>Corregidora - Nativo Quer\u00e9taro<\/title>\n<meta name=\"robots\" content=\"index, follow, max-snippet:-1, max-image-preview:large, max-video-preview:-1\" \/>\n<link rel=\"canonical\" href=\"https:\/\/nativoqueretaro.mx\/index.php\/corregidora\/\" \/>\n<meta property=\"og:locale\" content=\"es_MX\" \/>\n<meta property=\"og:type\" content=\"article\" \/>\n<meta property=\"og:title\" content=\"Corregidora - Nativo Quer\u00e9taro\" \/>\n<meta property=\"og:url\" content=\"https:\/\/nativoqueretaro.mx\/index.php\/corregidora\/\" \/>\n<meta property=\"og:site_name\" content=\"Nativo Quer\u00e9taro\" \/>\n<meta name=\"twitter:card\" content=\"summary_large_image\" \/>\n<script type=\"application\/ld+json\" class=\"yoast-schema-graph\">{\"@context\":\"https:\/\/schema.org\",\"@graph\":[{\"@type\":\"WebPage\",\"@id\":\"https:\/\/nativoqueretaro.mx\/index.php\/corregidora\/\",\"url\":\"https:\/\/nativoqueretaro.mx\/index.php\/corregidora\/\",\"name\":\"Corregidora - Nativo Quer\u00e9taro\",\"isPartOf\":{\"@id\":\"https:\/\/nativoqueretaro.mx\/#website\"},\"datePublished\":\"2025-01-23T23:16:29+00:00\",\"breadcrumb\":{\"@id\":\"https:\/\/nativoqueretaro.mx\/index.php\/corregidora\/#breadcrumb\"},\"inLanguage\":\"es\",\"potentialAction\":[{\"@type\":\"ReadAction\",\"target\":[\"https:\/\/nativoqueretaro.mx\/index.php\/corregidora\/\"]}]},{\"@type\":\"BreadcrumbList\",\"@id\":\"https:\/\/nativoqueretaro.mx\/index.php\/corregidora\/#breadcrumb\",\"itemListElement\":[{\"@type\":\"ListItem\",\"position\":1,\"name\":\"Home\",\"item\":\"https:\/\/nativoqueretaro.mx\/\"},{\"@type\":\"ListItem\",\"position\":2,\"name\":\"Corregidora\"}]},{\"@type\":\"WebSite\",\"@id\":\"https:\/\/nativoqueretaro.mx\/#website\",\"url\":\"https:\/\/nativoqueretaro.mx\/\",\"name\":\"Nativo Quer\u00e9taro\",\"description\":\"\",\"publisher\":{\"@id\":\"https:\/\/nativoqueretaro.mx\/#organization\"},\"potentialAction\":[{\"@type\":\"SearchAction\",\"target\":{\"@type\":\"EntryPoint\",\"urlTemplate\":\"https:\/\/nativoqueretaro.mx\/?s={search_term_string}\"},\"query-input\":{\"@type\":\"PropertyValueSpecification\",\"valueRequired\":true,\"valueName\":\"search_term_string\"}}],\"inLanguage\":\"es\"},{\"@type\":\"Organization\",\"@id\":\"https:\/\/nativoqueretaro.mx\/#organization\",\"name\":\"Nativo Quer\u00e9taro\",\"url\":\"https:\/\/nativoqueretaro.mx\/\",\"logo\":{\"@type\":\"ImageObject\",\"inLanguage\":\"es\",\"@id\":\"https:\/\/nativoqueretaro.mx\/#\/schema\/logo\/image\/\",\"url\":\"https:\/\/nativoqueretaro.mx\/wp-content\/uploads\/2025\/01\/NATIVO_QRO_white.svg\",\"contentUrl\":\"https:\/\/nativoqueretaro.mx\/wp-content\/uploads\/2025\/01\/NATIVO_QRO_white.svg\",\"caption\":\"Nativo Quer\u00e9taro\"},\"image\":{\"@id\":\"https:\/\/nativoqueretaro.mx\/#\/schema\/logo\/image\/\"}}]}<\/script>\n<!-- \/ Yoast SEO plugin. -->","yoast_head_json":{"title":"Corregidora - Nativo Quer\u00e9taro","robots":{"index":"index","follow":"follow","max-snippet":"max-snippet:-1","max-image-preview":"max-image-preview:large","max-video-preview":"max-video-preview:-1"},"canonical":"https:\/\/nativoqueretaro.mx\/index.php\/corregidora\/","og_locale":"es_MX","og_type":"article","og_title":"Corregidora - Nativo Quer\u00e9taro","og_url":"https:\/\/nativoqueretaro.mx\/index.php\/corregidora\/","og_site_name":"Nativo Quer\u00e9taro","twitter_card":"summary_large_image","schema":{"@context":"https:\/\/schema.org","@graph":[{"@type":"WebPage","@id":"https:\/\/nativoqueretaro.mx\/index.php\/corregidora\/","url":"https:\/\/nativoqueretaro.mx\/index.php\/corregidora\/","name":"Corregidora - Nativo Quer\u00e9taro","isPartOf":{"@id":"https:\/\/nativoqueretaro.mx\/#website"},"datePublished":"2025-01-23T23:16:29+00:00","breadcrumb":{"@id":"https:\/\/nativoqueretaro.mx\/index.php\/corregidora\/#breadcrumb"},"inLanguage":"es","potentialAction":[{"@type":"ReadAction","target":["https:\/\/nativoqueretaro.mx\/index.php\/corregidora\/"]}]},{"@type":"BreadcrumbList","@id":"https:\/\/nativoqueretaro.mx\/index.php\/corregidora\/#breadcrumb","itemListElement":[{"@type":"ListItem","position":1,"name":"Home","item":"https:\/\/nativoqueretaro.mx\/"},{"@type":"ListItem","position":2,"name":"Corregidora"}]},{"@type":"WebSite","@id":"https:\/\/nativoqueretaro.mx\/#website","url":"https:\/\/nativoqueretaro.mx\/","name":"Nativo Quer\u00e9taro","description":"","publisher":{"@id":"https:\/\/nativoqueretaro.mx\/#organization"},"potentialAction":[{"@type":"SearchAction","target":{"@type":"EntryPoint","urlTemplate":"https:\/\/nativoqueretaro.mx\/?s={search_term_string}"},"query-input":{"@type":"PropertyValueSpecification","valueRequired":true,"valueName":"search_term_string"}}],"inLanguage":"es"},{"@type":"Organization","@id":"https:\/\/nativoqueretaro.mx\/#organization","name":"Nativo Quer\u00e9taro","url":"https:\/\/nativoqueretaro.mx\/","logo":{"@type":"ImageObject","inLanguage":"es","@id":"https:\/\/nativoqueretaro.mx\/#\/schema\/logo\/image\/","url":"https:\/\/nativoqueretaro.mx\/wp-content\/uploads\/2025\/01\/NATIVO_QRO_white.svg","contentUrl":"https:\/\/nativoqueretaro.mx\/wp-content\/uploads\/2025\/01\/NATIVO_QRO_white.svg","caption":"Nativo Quer\u00e9taro"},"image":{"@id":"https:\/\/nativoqueretaro.mx\/#\/schema\/logo\/image\/"}}]}},"_links":{"self":[{"href":"https:\/\/nativoqueretaro.mx\/index.php\/wp-json\/wp\/v2\/pages\/36855","targetHints":{"allow":["GET"]}}],"collection":[{"href":"https:\/\/nativoqueretaro.mx\/index.php\/wp-json\/wp\/v2\/pages"}],"about":[{"href":"https:\/\/nativoqueretaro.mx\/index.php\/wp-json\/wp\/v2\/types\/page"}],"author":[{"embeddable":true,"href":"https:\/\/nativoqueretaro.mx\/index.php\/wp-json\/wp\/v2\/users\/1"}],"replies":[{"embeddable":true,"href":"https:\/\/nativoqueretaro.mx\/index.php\/wp-json\/wp\/v2\/comments?post=36855"}],"version-history":[{"count":1,"href":"https:\/\/nativoqueretaro.mx\/index.php\/wp-json\/wp\/v2\/pages\/36855\/revisions"}],"predecessor-version":[{"id":36856,"href":"https:\/\/nativoqueretaro.mx\/index.php\/wp-json\/wp\/v2\/pages\/36855\/revisions\/36856"}],"wp:attachment":[{"href":"https:\/\/nativoqueretaro.mx\/index.php\/wp-json\/wp\/v2\/media?parent=36855"}],"curies":[{"name":"wp","href":"https:\/\/api.w.org\/{rel}","templated":true}]}}