{"id":36853,"date":"2025-01-23T23:15:26","date_gmt":"2025-01-23T23:15:26","guid":{"rendered":"https:\/\/tp3.d00.mytemp.website\/?page_id=36853"},"modified":"2025-01-23T23:15:26","modified_gmt":"2025-01-23T23:15:26","slug":"nacional","status":"publish","type":"page","link":"https:\/\/nativoqueretaro.mx\/index.php\/nacional\/","title":{"rendered":"Nacional"},"content":{"rendered":"<div id=\"bdpp-post-list-1\" class=\"bdpp-wrap bdpp-post-list-wrap bdpp-post-data-wrap bdpp-design-1  bdpp-clearfix\">\r\n\t<div class=\"bdpp-post-list-inr-wrap bdpp-post-data-inr-wrap bdpp-clearfix\"><div class=\"bdpp-post-list-main bdpp-post-42097 bdpp-post-standard bdpp-has-thumb\">\r\n\t<div class=\"bdpp-post-list-content bdpp-clearfix\">\r\n\t\t\t\t<div class=\"bdpp-post-list-left bdpp-col-2 bdpp-columns\">\r\n\t\t\t<div class=\"bdpp-post-img-bg\">\r\n\t\t\t\t<a href=\"https:\/\/nativoqueretaro.mx\/index.php\/2026\/04\/30\/acusa-eeuu-a-gobernador-de-sinaloa-y-otros-funcionarios-de-colaborar-con-crimen-organizado\/\" target=\"_self\">\r\n\t\t\t\t\t<img decoding=\"async\" src=\"https:\/\/nativoqueretaro.mx\/wp-content\/uploads\/2026\/04\/Acusa-EEUU-a-gobernador-de-Sinaloa-640x480.webp\" class=\"bdpp-img bdpp-post-feat-img\" alt=\"Acusa EEUU a gobernador de Sinaloa y otros funcionarios de colaborar con crimen organizado\" \/>\r\n\t\t\t\t\t\t\t\t\t<\/a>\r\n\t\t\t<\/div>\r\n\t\t<\/div>\r\n\t\t\r\n\t\t<div class=\"bdpp-post-list-right bdpp-col-2 bdpp-columns\">\r\n\t\t\t\t\t\t<div class=\"bdpp-post-cats\"><a class=\"bdpp-post-cat-link bdpp-post-cat-7 bdpp-post-cat-nacional\" href=\"https:\/\/nativoqueretaro.mx\/index.php\/category\/nacional\/\">Nacional<\/a><\/div>\r\n\t\t\t\r\n\t\t\t<h2 class=\"bdpp-post-title\">\r\n\t\t\t\t<a href=\"https:\/\/nativoqueretaro.mx\/index.php\/2026\/04\/30\/acusa-eeuu-a-gobernador-de-sinaloa-y-otros-funcionarios-de-colaborar-con-crimen-organizado\/\" target=\"_self\">Acusa EEUU a gobernador de Sinaloa y otros funcionarios de colaborar con crimen organizado<\/a>\r\n\t\t\t<\/h2>\r\n\r\n\t\t\t\t\t\t<div class=\"bdpp-post-meta bdpp-post-meta-up\">\r\n\t\t\t\t<span class=\"bdpp-post-meta-data bdpp-post-date\"><i class=\"fa fa-clock-o\"><\/i>30 abril, 2026<\/span>\t\t\t<\/div>\r\n\t\t\t\t\t\t<div class=\"bdpp-post-content\">\r\n\t\t\t\t<div class=\"bdpp-post-desc\">Quer\u00e9taro, Qro., 30 de abril de 2026.- El Departamento de Justicia de Estados Unidos present\u00f3 este mi\u00e9rcoles cargos penales contra...<\/div>\r\n\t\t\t\t\t\t\t\t\t<a href=\"https:\/\/nativoqueretaro.mx\/index.php\/2026\/04\/30\/acusa-eeuu-a-gobernador-de-sinaloa-y-otros-funcionarios-de-colaborar-con-crimen-organizado\/\" target=\"_self\" class=\"bdpp-rdmr-btn\">Lee Mas<\/a>\r\n\t\t\t\t\t\t\t<\/div>\r\n\t\t\t\t\t<\/div>\r\n\t<\/div>\r\n<\/div><div class=\"bdpp-post-list-main bdpp-post-42060 bdpp-post-standard bdpp-has-thumb\">\r\n\t<div class=\"bdpp-post-list-content bdpp-clearfix\">\r\n\t\t\t\t<div class=\"bdpp-post-list-left bdpp-col-2 bdpp-columns\">\r\n\t\t\t<div class=\"bdpp-post-img-bg\">\r\n\t\t\t\t<a href=\"https:\/\/nativoqueretaro.mx\/index.php\/2026\/04\/27\/presidenta-sheinbaum-inauguro-tren-al-aeropuerto-felipe-angeles\/\" target=\"_self\">\r\n\t\t\t\t\t<img decoding=\"async\" src=\"https:\/\/nativoqueretaro.mx\/wp-content\/uploads\/2026\/04\/Inaugura-Sheinbaum-tren-al-AIFA-abril-2026-suburbano2-852x500-1-640x480.webp\" class=\"bdpp-img bdpp-post-feat-img\" alt=\"Presidenta Sheinbaum inaugur\u00f3 tren al Aeropuerto Felipe \u00c1ngeles\" \/>\r\n\t\t\t\t\t\t\t\t\t<\/a>\r\n\t\t\t<\/div>\r\n\t\t<\/div>\r\n\t\t\r\n\t\t<div class=\"bdpp-post-list-right bdpp-col-2 bdpp-columns\">\r\n\t\t\t\t\t\t<div class=\"bdpp-post-cats\"><a class=\"bdpp-post-cat-link bdpp-post-cat-7 bdpp-post-cat-nacional\" href=\"https:\/\/nativoqueretaro.mx\/index.php\/category\/nacional\/\">Nacional<\/a><\/div>\r\n\t\t\t\r\n\t\t\t<h2 class=\"bdpp-post-title\">\r\n\t\t\t\t<a href=\"https:\/\/nativoqueretaro.mx\/index.php\/2026\/04\/27\/presidenta-sheinbaum-inauguro-tren-al-aeropuerto-felipe-angeles\/\" target=\"_self\">Presidenta Sheinbaum inaugur\u00f3 tren al Aeropuerto Felipe \u00c1ngeles<\/a>\r\n\t\t\t<\/h2>\r\n\r\n\t\t\t\t\t\t<div class=\"bdpp-post-meta bdpp-post-meta-up\">\r\n\t\t\t\t<span class=\"bdpp-post-meta-data bdpp-post-date\"><i class=\"fa fa-clock-o\"><\/i>27 abril, 2026<\/span>\t\t\t<\/div>\r\n\t\t\t\t\t\t<div class=\"bdpp-post-content\">\r\n\t\t\t\t<div class=\"bdpp-post-desc\">Ciudad de M\u00e9xico, 27 de abril de 2026.- La presidenta Claudia Sheinbaum Pardo inaugur\u00f3 el Tren Felipe \u00c1ngeles, Buenavista-AIFA, que...<\/div>\r\n\t\t\t\t\t\t\t\t\t<a href=\"https:\/\/nativoqueretaro.mx\/index.php\/2026\/04\/27\/presidenta-sheinbaum-inauguro-tren-al-aeropuerto-felipe-angeles\/\" target=\"_self\" class=\"bdpp-rdmr-btn\">Lee Mas<\/a>\r\n\t\t\t\t\t\t\t<\/div>\r\n\t\t\t\t\t<\/div>\r\n\t<\/div>\r\n<\/div><div class=\"bdpp-post-list-main bdpp-post-42007 bdpp-post-standard bdpp-has-thumb\">\r\n\t<div class=\"bdpp-post-list-content bdpp-clearfix\">\r\n\t\t\t\t<div class=\"bdpp-post-list-left bdpp-col-2 bdpp-columns\">\r\n\t\t\t<div class=\"bdpp-post-img-bg\">\r\n\t\t\t\t<a href=\"https:\/\/nativoqueretaro.mx\/index.php\/2026\/04\/22\/encabeza-presidenta-sheinbaum-ceremonia-del-112-aniversario-de-la-defensa-del-puerto-de-veracruz\/\" target=\"_self\">\r\n\t\t\t\t\t<img decoding=\"async\" src=\"https:\/\/nativoqueretaro.mx\/wp-content\/uploads\/2026\/04\/Ceremonia-112-aniversario-puerto-veracruz-640x480.webp\" class=\"bdpp-img bdpp-post-feat-img\" alt=\"Encabeza presidenta Sheinbaum Ceremonia del 112 Aniversario de la Defensa del puerto de Veracruz\" \/>\r\n\t\t\t\t\t\t\t\t\t<\/a>\r\n\t\t\t<\/div>\r\n\t\t<\/div>\r\n\t\t\r\n\t\t<div class=\"bdpp-post-list-right bdpp-col-2 bdpp-columns\">\r\n\t\t\t\t\t\t<div class=\"bdpp-post-cats\"><a class=\"bdpp-post-cat-link bdpp-post-cat-7 bdpp-post-cat-nacional\" href=\"https:\/\/nativoqueretaro.mx\/index.php\/category\/nacional\/\">Nacional<\/a><\/div>\r\n\t\t\t\r\n\t\t\t<h2 class=\"bdpp-post-title\">\r\n\t\t\t\t<a href=\"https:\/\/nativoqueretaro.mx\/index.php\/2026\/04\/22\/encabeza-presidenta-sheinbaum-ceremonia-del-112-aniversario-de-la-defensa-del-puerto-de-veracruz\/\" target=\"_self\">Encabeza presidenta Sheinbaum Ceremonia del 112 Aniversario de la Defensa del puerto de Veracruz<\/a>\r\n\t\t\t<\/h2>\r\n\r\n\t\t\t\t\t\t<div class=\"bdpp-post-meta bdpp-post-meta-up\">\r\n\t\t\t\t<span class=\"bdpp-post-meta-data bdpp-post-date\"><i class=\"fa fa-clock-o\"><\/i>22 abril, 2026<\/span>\t\t\t<\/div>\r\n\t\t\t\t\t\t<div class=\"bdpp-post-content\">\r\n\t\t\t\t<div class=\"bdpp-post-desc\">Alvarado, Ver., a 22 de abril de 2026.- En el 112 Aniversario de la defensa del Puerto de Veracruz, la...<\/div>\r\n\t\t\t\t\t\t\t\t\t<a href=\"https:\/\/nativoqueretaro.mx\/index.php\/2026\/04\/22\/encabeza-presidenta-sheinbaum-ceremonia-del-112-aniversario-de-la-defensa-del-puerto-de-veracruz\/\" target=\"_self\" class=\"bdpp-rdmr-btn\">Lee Mas<\/a>\r\n\t\t\t\t\t\t\t<\/div>\r\n\t\t\t\t\t<\/div>\r\n\t<\/div>\r\n<\/div><div class=\"bdpp-post-list-main bdpp-post-41994 bdpp-post-standard bdpp-has-thumb\">\r\n\t<div class=\"bdpp-post-list-content bdpp-clearfix\">\r\n\t\t\t\t<div class=\"bdpp-post-list-left bdpp-col-2 bdpp-columns\">\r\n\t\t\t<div class=\"bdpp-post-img-bg\">\r\n\t\t\t\t<a href=\"https:\/\/nativoqueretaro.mx\/index.php\/2026\/04\/21\/tiroteo-en-teotihuacan-deja-victimas-mortales-ataque-ocurrio-en-piramide-de-la-luna\/\" target=\"_self\">\r\n\t\t\t\t\t<img decoding=\"async\" src=\"https:\/\/nativoqueretaro.mx\/wp-content\/uploads\/2026\/04\/Tiroteo-Teotihuacan-2026-turistas-852x500-1-640x480.webp\" class=\"bdpp-img bdpp-post-feat-img\" alt=\"Tiroteo en Teotihuac\u00e1n deja v\u00edctimas mortales; ataque ocurri\u00f3 en pir\u00e1mide de la Luna\" \/>\r\n\t\t\t\t\t\t\t\t\t<\/a>\r\n\t\t\t<\/div>\r\n\t\t<\/div>\r\n\t\t\r\n\t\t<div class=\"bdpp-post-list-right bdpp-col-2 bdpp-columns\">\r\n\t\t\t\t\t\t<div class=\"bdpp-post-cats\"><a class=\"bdpp-post-cat-link bdpp-post-cat-7 bdpp-post-cat-nacional\" href=\"https:\/\/nativoqueretaro.mx\/index.php\/category\/nacional\/\">Nacional<\/a><\/div>\r\n\t\t\t\r\n\t\t\t<h2 class=\"bdpp-post-title\">\r\n\t\t\t\t<a href=\"https:\/\/nativoqueretaro.mx\/index.php\/2026\/04\/21\/tiroteo-en-teotihuacan-deja-victimas-mortales-ataque-ocurrio-en-piramide-de-la-luna\/\" target=\"_self\">Tiroteo en Teotihuac\u00e1n deja v\u00edctimas mortales; ataque ocurri\u00f3 en pir\u00e1mide de la Luna<\/a>\r\n\t\t\t<\/h2>\r\n\r\n\t\t\t\t\t\t<div class=\"bdpp-post-meta bdpp-post-meta-up\">\r\n\t\t\t\t<span class=\"bdpp-post-meta-data bdpp-post-date\"><i class=\"fa fa-clock-o\"><\/i>21 abril, 2026<\/span>\t\t\t<\/div>\r\n\t\t\t\t\t\t<div class=\"bdpp-post-content\">\r\n\t\t\t\t<div class=\"bdpp-post-desc\">Teotihuac\u00e1n, Edomex, 21 de abril de 2026.- Al menos dos personas murieron este lunes en un hecho violento ocurrido sobre...<\/div>\r\n\t\t\t\t\t\t\t\t\t<a href=\"https:\/\/nativoqueretaro.mx\/index.php\/2026\/04\/21\/tiroteo-en-teotihuacan-deja-victimas-mortales-ataque-ocurrio-en-piramide-de-la-luna\/\" target=\"_self\" class=\"bdpp-rdmr-btn\">Lee Mas<\/a>\r\n\t\t\t\t\t\t\t<\/div>\r\n\t\t\t\t\t<\/div>\r\n\t<\/div>\r\n<\/div><div class=\"bdpp-post-list-main bdpp-post-41971 bdpp-post-standard bdpp-has-thumb\">\r\n\t<div class=\"bdpp-post-list-content bdpp-clearfix\">\r\n\t\t\t\t<div class=\"bdpp-post-list-left bdpp-col-2 bdpp-columns\">\r\n\t\t\t<div class=\"bdpp-post-img-bg\">\r\n\t\t\t\t<a href=\"https:\/\/nativoqueretaro.mx\/index.php\/2026\/04\/17\/resalta-claudia-sheinbaum-que-inflacion-esta-contenida\/\" target=\"_self\">\r\n\t\t\t\t\t<img decoding=\"async\" src=\"https:\/\/nativoqueretaro.mx\/wp-content\/uploads\/2026\/04\/Inflacion-controlada-Sheimbaun-640x480.webp\" class=\"bdpp-img bdpp-post-feat-img\" alt=\"Resalta Claudia Sheinbaum que inflaci\u00f3n est\u00e1 contenida\" \/>\r\n\t\t\t\t\t\t\t\t\t<\/a>\r\n\t\t\t<\/div>\r\n\t\t<\/div>\r\n\t\t\r\n\t\t<div class=\"bdpp-post-list-right bdpp-col-2 bdpp-columns\">\r\n\t\t\t\t\t\t<div class=\"bdpp-post-cats\"><a class=\"bdpp-post-cat-link bdpp-post-cat-7 bdpp-post-cat-nacional\" href=\"https:\/\/nativoqueretaro.mx\/index.php\/category\/nacional\/\">Nacional<\/a><\/div>\r\n\t\t\t\r\n\t\t\t<h2 class=\"bdpp-post-title\">\r\n\t\t\t\t<a href=\"https:\/\/nativoqueretaro.mx\/index.php\/2026\/04\/17\/resalta-claudia-sheinbaum-que-inflacion-esta-contenida\/\" target=\"_self\">Resalta Claudia Sheinbaum que inflaci\u00f3n est\u00e1 contenida<\/a>\r\n\t\t\t<\/h2>\r\n\r\n\t\t\t\t\t\t<div class=\"bdpp-post-meta bdpp-post-meta-up\">\r\n\t\t\t\t<span class=\"bdpp-post-meta-data bdpp-post-date\"><i class=\"fa fa-clock-o\"><\/i>17 abril, 2026<\/span>\t\t\t<\/div>\r\n\t\t\t\t\t\t<div class=\"bdpp-post-content\">\r\n\t\t\t\t<div class=\"bdpp-post-desc\">Ciudad de M\u00e9xico, 17 de abril de 2026.- La Presidenta Claudia Sheinbaum Pardo destac\u00f3 que la inflaci\u00f3n est\u00e1 contenida y...<\/div>\r\n\t\t\t\t\t\t\t\t\t<a href=\"https:\/\/nativoqueretaro.mx\/index.php\/2026\/04\/17\/resalta-claudia-sheinbaum-que-inflacion-esta-contenida\/\" target=\"_self\" class=\"bdpp-rdmr-btn\">Lee Mas<\/a>\r\n\t\t\t\t\t\t\t<\/div>\r\n\t\t\t\t\t<\/div>\r\n\t<\/div>\r\n<\/div><div class=\"bdpp-post-list-main bdpp-post-41953 bdpp-post-standard bdpp-has-thumb\">\r\n\t<div class=\"bdpp-post-list-content bdpp-clearfix\">\r\n\t\t\t\t<div class=\"bdpp-post-list-left bdpp-col-2 bdpp-columns\">\r\n\t\t\t<div class=\"bdpp-post-img-bg\">\r\n\t\t\t\t<a href=\"https:\/\/nativoqueretaro.mx\/index.php\/2026\/04\/16\/sheinbaum-presento-comite-que-analizara-posible-explotacion-de-gas-natural-no-convencional\/\" target=\"_self\">\r\n\t\t\t\t\t<img decoding=\"async\" src=\"https:\/\/nativoqueretaro.mx\/wp-content\/uploads\/2026\/04\/Comite-cientificos-gas-natural-no-convencional-presenta-Sheinbaum-852x500-1-640x480.webp\" class=\"bdpp-img bdpp-post-feat-img\" alt=\"Sheinbaum present\u00f3 comit\u00e9 que analizar\u00e1 posible explotaci\u00f3n de gas natural no convencional\" \/>\r\n\t\t\t\t\t\t\t\t\t<\/a>\r\n\t\t\t<\/div>\r\n\t\t<\/div>\r\n\t\t\r\n\t\t<div class=\"bdpp-post-list-right bdpp-col-2 bdpp-columns\">\r\n\t\t\t\t\t\t<div class=\"bdpp-post-cats\"><a class=\"bdpp-post-cat-link bdpp-post-cat-7 bdpp-post-cat-nacional\" href=\"https:\/\/nativoqueretaro.mx\/index.php\/category\/nacional\/\">Nacional<\/a><\/div>\r\n\t\t\t\r\n\t\t\t<h2 class=\"bdpp-post-title\">\r\n\t\t\t\t<a href=\"https:\/\/nativoqueretaro.mx\/index.php\/2026\/04\/16\/sheinbaum-presento-comite-que-analizara-posible-explotacion-de-gas-natural-no-convencional\/\" target=\"_self\">Sheinbaum present\u00f3 comit\u00e9 que analizar\u00e1 posible explotaci\u00f3n de gas natural no convencional<\/a>\r\n\t\t\t<\/h2>\r\n\r\n\t\t\t\t\t\t<div class=\"bdpp-post-meta bdpp-post-meta-up\">\r\n\t\t\t\t<span class=\"bdpp-post-meta-data bdpp-post-date\"><i class=\"fa fa-clock-o\"><\/i>16 abril, 2026<\/span>\t\t\t<\/div>\r\n\t\t\t\t\t\t<div class=\"bdpp-post-content\">\r\n\t\t\t\t<div class=\"bdpp-post-desc\">Ciudad de M\u00e9xico, 16 de abril de 2026.- La presidenta de M\u00e9xico, Claudia Sheinbaum Pardo, present\u00f3 al comit\u00e9 de cient\u00edficos...<\/div>\r\n\t\t\t\t\t\t\t\t\t<a href=\"https:\/\/nativoqueretaro.mx\/index.php\/2026\/04\/16\/sheinbaum-presento-comite-que-analizara-posible-explotacion-de-gas-natural-no-convencional\/\" target=\"_self\" class=\"bdpp-rdmr-btn\">Lee Mas<\/a>\r\n\t\t\t\t\t\t\t<\/div>\r\n\t\t\t\t\t<\/div>\r\n\t<\/div>\r\n<\/div>\t<\/div>\r\n\t\t<div class=\"bdpp-paging bdpp-pagi-numeric bdpp-clearfix\">\r\n\t\t<span aria-current=\"page\" class=\"page-numbers current\">1<\/span>\n<a class=\"page-numbers\" href=\"https:\/\/nativoqueretaro.mx\/index.php\/wp-json\/wp\/v2\/pages\/36853\/page\/2\/\">2<\/a>\n<a class=\"page-numbers\" href=\"https:\/\/nativoqueretaro.mx\/index.php\/wp-json\/wp\/v2\/pages\/36853\/page\/3\/\">3<\/a>\n<span class=\"page-numbers dots\">&hellip;<\/span>\n<a class=\"page-numbers\" href=\"https:\/\/nativoqueretaro.mx\/index.php\/wp-json\/wp\/v2\/pages\/36853\/page\/412\/\">412<\/a>\n<a class=\"next page-numbers\" href=\"https:\/\/nativoqueretaro.mx\/index.php\/wp-json\/wp\/v2\/pages\/36853\/page\/2\/\">Next &raquo;<\/a>\t<\/div>\r\n<\/div>\n","protected":false},"excerpt":{"rendered":"","protected":false},"author":1,"featured_media":0,"parent":0,"menu_order":0,"comment_status":"closed","ping_status":"closed","template":"","meta":{"_acf_changed":false,"ocean_post_layout":"right-sidebar","ocean_both_sidebars_style":"","ocean_both_sidebars_content_width":0,"ocean_both_sidebars_sidebars_width":0,"ocean_sidebar":"sidebar","ocean_second_sidebar":"0","ocean_disable_margins":"enable","ocean_add_body_class":"","ocean_shortcode_before_top_bar":"","ocean_shortcode_after_top_bar":"","ocean_shortcode_before_header":"","ocean_shortcode_after_header":"","ocean_has_shortcode":"","ocean_shortcode_after_title":"","ocean_shortcode_before_footer_widgets":"","ocean_shortcode_after_footer_widgets":"","ocean_shortcode_before_footer_bottom":"","ocean_shortcode_after_footer_bottom":"","ocean_display_top_bar":"default","ocean_display_header":"default","ocean_header_style":"","ocean_center_header_left_menu":"0","ocean_custom_header_template":"0","ocean_custom_logo":0,"ocean_custom_retina_logo":0,"ocean_custom_logo_max_width":0,"ocean_custom_logo_tablet_max_width":0,"ocean_custom_logo_mobile_max_width":0,"ocean_custom_logo_max_height":0,"ocean_custom_logo_tablet_max_height":0,"ocean_custom_logo_mobile_max_height":0,"ocean_header_custom_menu":"0","ocean_menu_typo_font_family":"0","ocean_menu_typo_font_subset":"","ocean_menu_typo_font_size":0,"ocean_menu_typo_font_size_tablet":0,"ocean_menu_typo_font_size_mobile":0,"ocean_menu_typo_font_size_unit":"px","ocean_menu_typo_font_weight":"","ocean_menu_typo_font_weight_tablet":"","ocean_menu_typo_font_weight_mobile":"","ocean_menu_typo_transform":"","ocean_menu_typo_transform_tablet":"","ocean_menu_typo_transform_mobile":"","ocean_menu_typo_line_height":0,"ocean_menu_typo_line_height_tablet":0,"ocean_menu_typo_line_height_mobile":0,"ocean_menu_typo_line_height_unit":"","ocean_menu_typo_spacing":0,"ocean_menu_typo_spacing_tablet":0,"ocean_menu_typo_spacing_mobile":0,"ocean_menu_typo_spacing_unit":"","ocean_menu_link_color":"","ocean_menu_link_color_hover":"","ocean_menu_link_color_active":"","ocean_menu_link_background":"","ocean_menu_link_hover_background":"","ocean_menu_link_active_background":"","ocean_menu_social_links_bg":"","ocean_menu_social_hover_links_bg":"","ocean_menu_social_links_color":"","ocean_menu_social_hover_links_color":"","ocean_disable_title":"default","ocean_disable_heading":"default","ocean_post_title":"","ocean_post_subheading":"","ocean_post_title_style":"","ocean_post_title_background_color":"","ocean_post_title_background":0,"ocean_post_title_bg_image_position":"","ocean_post_title_bg_image_attachment":"","ocean_post_title_bg_image_repeat":"","ocean_post_title_bg_image_size":"","ocean_post_title_height":0,"ocean_post_title_bg_overlay":0.5,"ocean_post_title_bg_overlay_color":"","ocean_disable_breadcrumbs":"default","ocean_breadcrumbs_color":"","ocean_breadcrumbs_separator_color":"","ocean_breadcrumbs_links_color":"","ocean_breadcrumbs_links_hover_color":"","ocean_display_footer_widgets":"default","ocean_display_footer_bottom":"default","ocean_custom_footer_template":"0","footnotes":""},"class_list":["post-36853","page","type-page","status-publish","hentry","entry","has-media"],"acf":[],"yoast_head":"<!-- This site is optimized with the Yoast SEO plugin v24.7 - https:\/\/yoast.com\/wordpress\/plugins\/seo\/ -->\n<title>Nacional - Nativo Quer\u00e9taro<\/title>\n<meta name=\"robots\" content=\"index, follow, max-snippet:-1, max-image-preview:large, max-video-preview:-1\" \/>\n<link rel=\"canonical\" href=\"https:\/\/nativoqueretaro.mx\/index.php\/nacional\/\" \/>\n<meta property=\"og:locale\" content=\"es_MX\" \/>\n<meta property=\"og:type\" content=\"article\" \/>\n<meta property=\"og:title\" content=\"Nacional - Nativo Quer\u00e9taro\" \/>\n<meta property=\"og:url\" content=\"https:\/\/nativoqueretaro.mx\/index.php\/nacional\/\" \/>\n<meta property=\"og:site_name\" content=\"Nativo Quer\u00e9taro\" \/>\n<meta name=\"twitter:card\" content=\"summary_large_image\" \/>\n<script type=\"application\/ld+json\" class=\"yoast-schema-graph\">{\"@context\":\"https:\/\/schema.org\",\"@graph\":[{\"@type\":\"WebPage\",\"@id\":\"https:\/\/nativoqueretaro.mx\/index.php\/nacional\/\",\"url\":\"https:\/\/nativoqueretaro.mx\/index.php\/nacional\/\",\"name\":\"Nacional - Nativo Quer\u00e9taro\",\"isPartOf\":{\"@id\":\"https:\/\/nativoqueretaro.mx\/#website\"},\"datePublished\":\"2025-01-23T23:15:26+00:00\",\"breadcrumb\":{\"@id\":\"https:\/\/nativoqueretaro.mx\/index.php\/nacional\/#breadcrumb\"},\"inLanguage\":\"es\",\"potentialAction\":[{\"@type\":\"ReadAction\",\"target\":[\"https:\/\/nativoqueretaro.mx\/index.php\/nacional\/\"]}]},{\"@type\":\"BreadcrumbList\",\"@id\":\"https:\/\/nativoqueretaro.mx\/index.php\/nacional\/#breadcrumb\",\"itemListElement\":[{\"@type\":\"ListItem\",\"position\":1,\"name\":\"Home\",\"item\":\"https:\/\/nativoqueretaro.mx\/\"},{\"@type\":\"ListItem\",\"position\":2,\"name\":\"Nacional\"}]},{\"@type\":\"WebSite\",\"@id\":\"https:\/\/nativoqueretaro.mx\/#website\",\"url\":\"https:\/\/nativoqueretaro.mx\/\",\"name\":\"Nativo Quer\u00e9taro\",\"description\":\"\",\"publisher\":{\"@id\":\"https:\/\/nativoqueretaro.mx\/#organization\"},\"potentialAction\":[{\"@type\":\"SearchAction\",\"target\":{\"@type\":\"EntryPoint\",\"urlTemplate\":\"https:\/\/nativoqueretaro.mx\/?s={search_term_string}\"},\"query-input\":{\"@type\":\"PropertyValueSpecification\",\"valueRequired\":true,\"valueName\":\"search_term_string\"}}],\"inLanguage\":\"es\"},{\"@type\":\"Organization\",\"@id\":\"https:\/\/nativoqueretaro.mx\/#organization\",\"name\":\"Nativo Quer\u00e9taro\",\"url\":\"https:\/\/nativoqueretaro.mx\/\",\"logo\":{\"@type\":\"ImageObject\",\"inLanguage\":\"es\",\"@id\":\"https:\/\/nativoqueretaro.mx\/#\/schema\/logo\/image\/\",\"url\":\"https:\/\/nativoqueretaro.mx\/wp-content\/uploads\/2025\/01\/NATIVO_QRO_white.svg\",\"contentUrl\":\"https:\/\/nativoqueretaro.mx\/wp-content\/uploads\/2025\/01\/NATIVO_QRO_white.svg\",\"caption\":\"Nativo Quer\u00e9taro\"},\"image\":{\"@id\":\"https:\/\/nativoqueretaro.mx\/#\/schema\/logo\/image\/\"}}]}<\/script>\n<!-- \/ Yoast SEO plugin. -->","yoast_head_json":{"title":"Nacional - Nativo Quer\u00e9taro","robots":{"index":"index","follow":"follow","max-snippet":"max-snippet:-1","max-image-preview":"max-image-preview:large","max-video-preview":"max-video-preview:-1"},"canonical":"https:\/\/nativoqueretaro.mx\/index.php\/nacional\/","og_locale":"es_MX","og_type":"article","og_title":"Nacional - Nativo Quer\u00e9taro","og_url":"https:\/\/nativoqueretaro.mx\/index.php\/nacional\/","og_site_name":"Nativo Quer\u00e9taro","twitter_card":"summary_large_image","schema":{"@context":"https:\/\/schema.org","@graph":[{"@type":"WebPage","@id":"https:\/\/nativoqueretaro.mx\/index.php\/nacional\/","url":"https:\/\/nativoqueretaro.mx\/index.php\/nacional\/","name":"Nacional - Nativo Quer\u00e9taro","isPartOf":{"@id":"https:\/\/nativoqueretaro.mx\/#website"},"datePublished":"2025-01-23T23:15:26+00:00","breadcrumb":{"@id":"https:\/\/nativoqueretaro.mx\/index.php\/nacional\/#breadcrumb"},"inLanguage":"es","potentialAction":[{"@type":"ReadAction","target":["https:\/\/nativoqueretaro.mx\/index.php\/nacional\/"]}]},{"@type":"BreadcrumbList","@id":"https:\/\/nativoqueretaro.mx\/index.php\/nacional\/#breadcrumb","itemListElement":[{"@type":"ListItem","position":1,"name":"Home","item":"https:\/\/nativoqueretaro.mx\/"},{"@type":"ListItem","position":2,"name":"Nacional"}]},{"@type":"WebSite","@id":"https:\/\/nativoqueretaro.mx\/#website","url":"https:\/\/nativoqueretaro.mx\/","name":"Nativo Quer\u00e9taro","description":"","publisher":{"@id":"https:\/\/nativoqueretaro.mx\/#organization"},"potentialAction":[{"@type":"SearchAction","target":{"@type":"EntryPoint","urlTemplate":"https:\/\/nativoqueretaro.mx\/?s={search_term_string}"},"query-input":{"@type":"PropertyValueSpecification","valueRequired":true,"valueName":"search_term_string"}}],"inLanguage":"es"},{"@type":"Organization","@id":"https:\/\/nativoqueretaro.mx\/#organization","name":"Nativo Quer\u00e9taro","url":"https:\/\/nativoqueretaro.mx\/","logo":{"@type":"ImageObject","inLanguage":"es","@id":"https:\/\/nativoqueretaro.mx\/#\/schema\/logo\/image\/","url":"https:\/\/nativoqueretaro.mx\/wp-content\/uploads\/2025\/01\/NATIVO_QRO_white.svg","contentUrl":"https:\/\/nativoqueretaro.mx\/wp-content\/uploads\/2025\/01\/NATIVO_QRO_white.svg","caption":"Nativo Quer\u00e9taro"},"image":{"@id":"https:\/\/nativoqueretaro.mx\/#\/schema\/logo\/image\/"}}]}},"_links":{"self":[{"href":"https:\/\/nativoqueretaro.mx\/index.php\/wp-json\/wp\/v2\/pages\/36853","targetHints":{"allow":["GET"]}}],"collection":[{"href":"https:\/\/nativoqueretaro.mx\/index.php\/wp-json\/wp\/v2\/pages"}],"about":[{"href":"https:\/\/nativoqueretaro.mx\/index.php\/wp-json\/wp\/v2\/types\/page"}],"author":[{"embeddable":true,"href":"https:\/\/nativoqueretaro.mx\/index.php\/wp-json\/wp\/v2\/users\/1"}],"replies":[{"embeddable":true,"href":"https:\/\/nativoqueretaro.mx\/index.php\/wp-json\/wp\/v2\/comments?post=36853"}],"version-history":[{"count":1,"href":"https:\/\/nativoqueretaro.mx\/index.php\/wp-json\/wp\/v2\/pages\/36853\/revisions"}],"predecessor-version":[{"id":36854,"href":"https:\/\/nativoqueretaro.mx\/index.php\/wp-json\/wp\/v2\/pages\/36853\/revisions\/36854"}],"wp:attachment":[{"href":"https:\/\/nativoqueretaro.mx\/index.php\/wp-json\/wp\/v2\/media?parent=36853"}],"curies":[{"name":"wp","href":"https:\/\/api.w.org\/{rel}","templated":true}]}}