{"id":36851,"date":"2025-01-23T23:13:04","date_gmt":"2025-01-23T23:13:04","guid":{"rendered":"https:\/\/tp3.d00.mytemp.website\/?page_id=36851"},"modified":"2025-01-23T23:13:53","modified_gmt":"2025-01-23T23:13:53","slug":"san-juan-del-rio","status":"publish","type":"page","link":"https:\/\/nativoqueretaro.mx\/index.php\/san-juan-del-rio\/","title":{"rendered":"San Juan del R\u00edo"},"content":{"rendered":"<div id=\"bdpp-post-list-1\" class=\"bdpp-wrap bdpp-post-list-wrap bdpp-post-data-wrap bdpp-design-1  bdpp-clearfix\">\r\n\t<div class=\"bdpp-post-list-inr-wrap bdpp-post-data-inr-wrap bdpp-clearfix\"><div class=\"bdpp-post-list-main bdpp-post-41974 bdpp-post-standard bdpp-has-thumb\">\r\n\t<div class=\"bdpp-post-list-content bdpp-clearfix\">\r\n\t\t\t\t<div class=\"bdpp-post-list-left bdpp-col-2 bdpp-columns\">\r\n\t\t\t<div class=\"bdpp-post-img-bg\">\r\n\t\t\t\t<a href=\"https:\/\/nativoqueretaro.mx\/index.php\/2026\/04\/19\/visita-luis-nava-mercado-reforma-de-san-juan-del-rio\/\" target=\"_self\">\r\n\t\t\t\t\t<img decoding=\"async\" src=\"https:\/\/nativoqueretaro.mx\/wp-content\/uploads\/2026\/04\/71_273_51165_528405343_IMG_9511-852x500-1-640x480.webp\" class=\"bdpp-img bdpp-post-feat-img\" alt=\"Visita Luis Nava mercado Reforma, de San Juan del R\u00edo\" \/>\r\n\t\t\t\t\t\t\t\t\t<\/a>\r\n\t\t\t<\/div>\r\n\t\t<\/div>\r\n\t\t\r\n\t\t<div class=\"bdpp-post-list-right bdpp-col-2 bdpp-columns\">\r\n\t\t\t\t\t\t<div class=\"bdpp-post-cats\"><a class=\"bdpp-post-cat-link bdpp-post-cat-5 bdpp-post-cat-san-juan-del-rio\" href=\"https:\/\/nativoqueretaro.mx\/index.php\/category\/san-juan-del-rio\/\">San Juan del R\u00edo<\/a><\/div>\r\n\t\t\t\r\n\t\t\t<h2 class=\"bdpp-post-title\">\r\n\t\t\t\t<a href=\"https:\/\/nativoqueretaro.mx\/index.php\/2026\/04\/19\/visita-luis-nava-mercado-reforma-de-san-juan-del-rio\/\" target=\"_self\">Visita Luis Nava mercado Reforma, de San Juan del R\u00edo<\/a>\r\n\t\t\t<\/h2>\r\n\r\n\t\t\t\t\t\t<div class=\"bdpp-post-meta bdpp-post-meta-up\">\r\n\t\t\t\t<span class=\"bdpp-post-meta-data bdpp-post-date\"><i class=\"fa fa-clock-o\"><\/i>19 abril, 2026<\/span>\t\t\t<\/div>\r\n\t\t\t\t\t\t<div class=\"bdpp-post-content\">\r\n\t\t\t\t<div class=\"bdpp-post-desc\">El secretario de Desarrollo Social, Luis Nava, realiz\u00f3 un recorrido en el mercado \u201cReforma\u201d del municipio de San Juan del...<\/div>\r\n\t\t\t\t\t\t\t\t\t<a href=\"https:\/\/nativoqueretaro.mx\/index.php\/2026\/04\/19\/visita-luis-nava-mercado-reforma-de-san-juan-del-rio\/\" target=\"_self\" class=\"bdpp-rdmr-btn\">Lee Mas<\/a>\r\n\t\t\t\t\t\t\t<\/div>\r\n\t\t\t\t\t<\/div>\r\n\t<\/div>\r\n<\/div><div class=\"bdpp-post-list-main bdpp-post-41625 bdpp-post-standard bdpp-has-thumb\">\r\n\t<div class=\"bdpp-post-list-content bdpp-clearfix\">\r\n\t\t\t\t<div class=\"bdpp-post-list-left bdpp-col-2 bdpp-columns\">\r\n\t\t\t<div class=\"bdpp-post-img-bg\">\r\n\t\t\t\t<a href=\"https:\/\/nativoqueretaro.mx\/index.php\/2026\/03\/15\/beneficia-gobierno-de-san-juan-del-rio-a-habitantes-con-programa-viernes-en-la-valla\/\" target=\"_self\">\r\n\t\t\t\t\t<img decoding=\"async\" src=\"https:\/\/nativoqueretaro.mx\/wp-content\/uploads\/2026\/03\/WhatsApp-Image-2026-03-13-at-6.01.12-PM-1-852x500-1-640x480.webp\" class=\"bdpp-img bdpp-post-feat-img\" alt=\"Beneficia gobierno de San Juan del R\u00edo a habitantes con programa \u201cViernes en La Valla\u201d\" \/>\r\n\t\t\t\t\t\t\t\t\t<\/a>\r\n\t\t\t<\/div>\r\n\t\t<\/div>\r\n\t\t\r\n\t\t<div class=\"bdpp-post-list-right bdpp-col-2 bdpp-columns\">\r\n\t\t\t\t\t\t<div class=\"bdpp-post-cats\"><a class=\"bdpp-post-cat-link bdpp-post-cat-5 bdpp-post-cat-san-juan-del-rio\" href=\"https:\/\/nativoqueretaro.mx\/index.php\/category\/san-juan-del-rio\/\">San Juan del R\u00edo<\/a><\/div>\r\n\t\t\t\r\n\t\t\t<h2 class=\"bdpp-post-title\">\r\n\t\t\t\t<a href=\"https:\/\/nativoqueretaro.mx\/index.php\/2026\/03\/15\/beneficia-gobierno-de-san-juan-del-rio-a-habitantes-con-programa-viernes-en-la-valla\/\" target=\"_self\">Beneficia gobierno de San Juan del R\u00edo a habitantes con programa \u201cViernes en La Valla\u201d<\/a>\r\n\t\t\t<\/h2>\r\n\r\n\t\t\t\t\t\t<div class=\"bdpp-post-meta bdpp-post-meta-up\">\r\n\t\t\t\t<span class=\"bdpp-post-meta-data bdpp-post-date\"><i class=\"fa fa-clock-o\"><\/i>15 marzo, 2026<\/span>\t\t\t<\/div>\r\n\t\t\t\t\t\t<div class=\"bdpp-post-content\">\r\n\t\t\t\t<div class=\"bdpp-post-desc\">Durante la segunda edici\u00f3n del Programa \u201cViernes en La Valla\u201d -que tambi\u00e9n representa la octava del esquema de jornadas de...<\/div>\r\n\t\t\t\t\t\t\t\t\t<a href=\"https:\/\/nativoqueretaro.mx\/index.php\/2026\/03\/15\/beneficia-gobierno-de-san-juan-del-rio-a-habitantes-con-programa-viernes-en-la-valla\/\" target=\"_self\" class=\"bdpp-rdmr-btn\">Lee Mas<\/a>\r\n\t\t\t\t\t\t\t<\/div>\r\n\t\t\t\t\t<\/div>\r\n\t<\/div>\r\n<\/div><div class=\"bdpp-post-list-main bdpp-post-41488 bdpp-post-standard bdpp-has-thumb\">\r\n\t<div class=\"bdpp-post-list-content bdpp-clearfix\">\r\n\t\t\t\t<div class=\"bdpp-post-list-left bdpp-col-2 bdpp-columns\">\r\n\t\t\t<div class=\"bdpp-post-img-bg\">\r\n\t\t\t\t<a href=\"https:\/\/nativoqueretaro.mx\/index.php\/2026\/03\/02\/premian-a-los-mejores-tamales-atoles-y-chanclas-en-concurso-nacional-de-san-juan-del-rio\/\" target=\"_self\">\r\n\t\t\t\t\t<img decoding=\"async\" src=\"https:\/\/nativoqueretaro.mx\/wp-content\/uploads\/2026\/03\/Concurso-tamales-atole-2026-gandoras-San-Juan-del-Rio3-852x500-1-640x480.webp\" class=\"bdpp-img bdpp-post-feat-img\" alt=\"Premian a los mejores tamales, atoles y chanclas en Concurso Nacional de San Juan del R\u00edo\" \/>\r\n\t\t\t\t\t\t\t\t\t<\/a>\r\n\t\t\t<\/div>\r\n\t\t<\/div>\r\n\t\t\r\n\t\t<div class=\"bdpp-post-list-right bdpp-col-2 bdpp-columns\">\r\n\t\t\t\t\t\t<div class=\"bdpp-post-cats\"><a class=\"bdpp-post-cat-link bdpp-post-cat-5 bdpp-post-cat-san-juan-del-rio\" href=\"https:\/\/nativoqueretaro.mx\/index.php\/category\/san-juan-del-rio\/\">San Juan del R\u00edo<\/a><\/div>\r\n\t\t\t\r\n\t\t\t<h2 class=\"bdpp-post-title\">\r\n\t\t\t\t<a href=\"https:\/\/nativoqueretaro.mx\/index.php\/2026\/03\/02\/premian-a-los-mejores-tamales-atoles-y-chanclas-en-concurso-nacional-de-san-juan-del-rio\/\" target=\"_self\">Premian a los mejores tamales, atoles y chanclas en Concurso Nacional de San Juan del R\u00edo<\/a>\r\n\t\t\t<\/h2>\r\n\r\n\t\t\t\t\t\t<div class=\"bdpp-post-meta bdpp-post-meta-up\">\r\n\t\t\t\t<span class=\"bdpp-post-meta-data bdpp-post-date\"><i class=\"fa fa-clock-o\"><\/i>2 marzo, 2026<\/span>\t\t\t<\/div>\r\n\t\t\t\t\t\t<div class=\"bdpp-post-content\">\r\n\t\t\t\t<div class=\"bdpp-post-desc\">San Juan del R\u00edo, Qro., 1 de marzo de 2026.- El gobierno de San Juan del R\u00edo llev\u00f3 a cabo...<\/div>\r\n\t\t\t\t\t\t\t\t\t<a href=\"https:\/\/nativoqueretaro.mx\/index.php\/2026\/03\/02\/premian-a-los-mejores-tamales-atoles-y-chanclas-en-concurso-nacional-de-san-juan-del-rio\/\" target=\"_self\" class=\"bdpp-rdmr-btn\">Lee Mas<\/a>\r\n\t\t\t\t\t\t\t<\/div>\r\n\t\t\t\t\t<\/div>\r\n\t<\/div>\r\n<\/div><div class=\"bdpp-post-list-main bdpp-post-41461 bdpp-post-standard bdpp-has-thumb\">\r\n\t<div class=\"bdpp-post-list-content bdpp-clearfix\">\r\n\t\t\t\t<div class=\"bdpp-post-list-left bdpp-col-2 bdpp-columns\">\r\n\t\t\t<div class=\"bdpp-post-img-bg\">\r\n\t\t\t\t<a href=\"https:\/\/nativoqueretaro.mx\/index.php\/2026\/02\/27\/realiza-sjr-acciones-en-beneficio-de-ciudadania-con-miercoles-en-palma-de-romero\/\" target=\"_self\">\r\n\t\t\t\t\t<img decoding=\"async\" src=\"https:\/\/nativoqueretaro.mx\/wp-content\/uploads\/2026\/02\/Realiza-SJR-miercoles-640x480.webp\" class=\"bdpp-img bdpp-post-feat-img\" alt=\"Realiza SJR acciones en beneficio de ciudadan\u00eda con \u201cMi\u00e9rcoles en Palma de Romero\u201d\" \/>\r\n\t\t\t\t\t\t\t\t\t<\/a>\r\n\t\t\t<\/div>\r\n\t\t<\/div>\r\n\t\t\r\n\t\t<div class=\"bdpp-post-list-right bdpp-col-2 bdpp-columns\">\r\n\t\t\t\t\t\t<div class=\"bdpp-post-cats\"><a class=\"bdpp-post-cat-link bdpp-post-cat-5 bdpp-post-cat-san-juan-del-rio\" href=\"https:\/\/nativoqueretaro.mx\/index.php\/category\/san-juan-del-rio\/\">San Juan del R\u00edo<\/a><\/div>\r\n\t\t\t\r\n\t\t\t<h2 class=\"bdpp-post-title\">\r\n\t\t\t\t<a href=\"https:\/\/nativoqueretaro.mx\/index.php\/2026\/02\/27\/realiza-sjr-acciones-en-beneficio-de-ciudadania-con-miercoles-en-palma-de-romero\/\" target=\"_self\">Realiza SJR acciones en beneficio de ciudadan\u00eda con \u201cMi\u00e9rcoles en Palma de Romero\u201d<\/a>\r\n\t\t\t<\/h2>\r\n\r\n\t\t\t\t\t\t<div class=\"bdpp-post-meta bdpp-post-meta-up\">\r\n\t\t\t\t<span class=\"bdpp-post-meta-data bdpp-post-date\"><i class=\"fa fa-clock-o\"><\/i>27 febrero, 2026<\/span>\t\t\t<\/div>\r\n\t\t\t\t\t\t<div class=\"bdpp-post-content\">\r\n\t\t\t\t<div class=\"bdpp-post-desc\">San Juan del R\u00edo, Qro., 27 de febrero de 2026.- La cuarta edici\u00f3n del Programa \u201cMi\u00e9rcoles en Palma de Romero\u201d...<\/div>\r\n\t\t\t\t\t\t\t\t\t<a href=\"https:\/\/nativoqueretaro.mx\/index.php\/2026\/02\/27\/realiza-sjr-acciones-en-beneficio-de-ciudadania-con-miercoles-en-palma-de-romero\/\" target=\"_self\" class=\"bdpp-rdmr-btn\">Lee Mas<\/a>\r\n\t\t\t\t\t\t\t<\/div>\r\n\t\t\t\t\t<\/div>\r\n\t<\/div>\r\n<\/div><div class=\"bdpp-post-list-main bdpp-post-41449 bdpp-post-standard bdpp-has-thumb\">\r\n\t<div class=\"bdpp-post-list-content bdpp-clearfix\">\r\n\t\t\t\t<div class=\"bdpp-post-list-left bdpp-col-2 bdpp-columns\">\r\n\t\t\t<div class=\"bdpp-post-img-bg\">\r\n\t\t\t\t<a href=\"https:\/\/nativoqueretaro.mx\/index.php\/2026\/02\/26\/inaugura-rector-de-la-ut-san-juan-feria-de-universidades\/\" target=\"_self\">\r\n\t\t\t\t\t<img decoding=\"async\" src=\"https:\/\/nativoqueretaro.mx\/wp-content\/uploads\/2026\/02\/Feria-vocacional-2026-UT-San-Juan-del-Rio-852x500-1-640x480.webp\" class=\"bdpp-img bdpp-post-feat-img\" alt=\"Inaugura rector de la UT San Juan Feria de Universidades\" \/>\r\n\t\t\t\t\t\t\t\t\t<\/a>\r\n\t\t\t<\/div>\r\n\t\t<\/div>\r\n\t\t\r\n\t\t<div class=\"bdpp-post-list-right bdpp-col-2 bdpp-columns\">\r\n\t\t\t\t\t\t<div class=\"bdpp-post-cats\"><a class=\"bdpp-post-cat-link bdpp-post-cat-5 bdpp-post-cat-san-juan-del-rio\" href=\"https:\/\/nativoqueretaro.mx\/index.php\/category\/san-juan-del-rio\/\">San Juan del R\u00edo<\/a><\/div>\r\n\t\t\t\r\n\t\t\t<h2 class=\"bdpp-post-title\">\r\n\t\t\t\t<a href=\"https:\/\/nativoqueretaro.mx\/index.php\/2026\/02\/26\/inaugura-rector-de-la-ut-san-juan-feria-de-universidades\/\" target=\"_self\">Inaugura rector de la UT San Juan Feria de Universidades<\/a>\r\n\t\t\t<\/h2>\r\n\r\n\t\t\t\t\t\t<div class=\"bdpp-post-meta bdpp-post-meta-up\">\r\n\t\t\t\t<span class=\"bdpp-post-meta-data bdpp-post-date\"><i class=\"fa fa-clock-o\"><\/i>26 febrero, 2026<\/span>\t\t\t<\/div>\r\n\t\t\t\t\t\t<div class=\"bdpp-post-content\">\r\n\t\t\t\t<div class=\"bdpp-post-desc\">San Juan del R\u00edo, Qro., 26 de febrero de 2026.- El rector de la Universidad Tecnol\u00f3gica de San Juan del...<\/div>\r\n\t\t\t\t\t\t\t\t\t<a href=\"https:\/\/nativoqueretaro.mx\/index.php\/2026\/02\/26\/inaugura-rector-de-la-ut-san-juan-feria-de-universidades\/\" target=\"_self\" class=\"bdpp-rdmr-btn\">Lee Mas<\/a>\r\n\t\t\t\t\t\t\t<\/div>\r\n\t\t\t\t\t<\/div>\r\n\t<\/div>\r\n<\/div><div class=\"bdpp-post-list-main bdpp-post-41439 bdpp-post-standard bdpp-has-thumb\">\r\n\t<div class=\"bdpp-post-list-content bdpp-clearfix\">\r\n\t\t\t\t<div class=\"bdpp-post-list-left bdpp-col-2 bdpp-columns\">\r\n\t\t\t<div class=\"bdpp-post-img-bg\">\r\n\t\t\t\t<a href=\"https:\/\/nativoqueretaro.mx\/index.php\/2026\/02\/25\/suman-mas-de-6800-sanjuanenses-beneficiados-por-jornadas-de-desarrollo-social\/\" target=\"_self\">\r\n\t\t\t\t\t<img decoding=\"async\" src=\"https:\/\/nativoqueretaro.mx\/wp-content\/uploads\/2026\/02\/Suman-mas-de-6800-beneficiarios-SJR-jornadas-640x480.webp\" class=\"bdpp-img bdpp-post-feat-img\" alt=\"Suman m\u00e1s de 6,800 sanjuanenses beneficiados por Jornadas de Desarrollo Social\" \/>\r\n\t\t\t\t\t\t\t\t\t<\/a>\r\n\t\t\t<\/div>\r\n\t\t<\/div>\r\n\t\t\r\n\t\t<div class=\"bdpp-post-list-right bdpp-col-2 bdpp-columns\">\r\n\t\t\t\t\t\t<div class=\"bdpp-post-cats\"><a class=\"bdpp-post-cat-link bdpp-post-cat-5 bdpp-post-cat-san-juan-del-rio\" href=\"https:\/\/nativoqueretaro.mx\/index.php\/category\/san-juan-del-rio\/\">San Juan del R\u00edo<\/a><\/div>\r\n\t\t\t\r\n\t\t\t<h2 class=\"bdpp-post-title\">\r\n\t\t\t\t<a href=\"https:\/\/nativoqueretaro.mx\/index.php\/2026\/02\/25\/suman-mas-de-6800-sanjuanenses-beneficiados-por-jornadas-de-desarrollo-social\/\" target=\"_self\">Suman m\u00e1s de 6,800 sanjuanenses beneficiados por Jornadas de Desarrollo Social<\/a>\r\n\t\t\t<\/h2>\r\n\r\n\t\t\t\t\t\t<div class=\"bdpp-post-meta bdpp-post-meta-up\">\r\n\t\t\t\t<span class=\"bdpp-post-meta-data bdpp-post-date\"><i class=\"fa fa-clock-o\"><\/i>25 febrero, 2026<\/span>\t\t\t<\/div>\r\n\t\t\t\t\t\t<div class=\"bdpp-post-content\">\r\n\t\t\t\t<div class=\"bdpp-post-desc\">San Juan del R\u00edo, Qro., 25 de febrero de 2026.- Con la finalidad de mejorar la calidad de vida y...<\/div>\r\n\t\t\t\t\t\t\t\t\t<a href=\"https:\/\/nativoqueretaro.mx\/index.php\/2026\/02\/25\/suman-mas-de-6800-sanjuanenses-beneficiados-por-jornadas-de-desarrollo-social\/\" target=\"_self\" class=\"bdpp-rdmr-btn\">Lee Mas<\/a>\r\n\t\t\t\t\t\t\t<\/div>\r\n\t\t\t\t\t<\/div>\r\n\t<\/div>\r\n<\/div>\t<\/div>\r\n\t\t<div class=\"bdpp-paging bdpp-pagi-numeric bdpp-clearfix\">\r\n\t\t<span aria-current=\"page\" class=\"page-numbers current\">1<\/span>\n<a class=\"page-numbers\" href=\"https:\/\/nativoqueretaro.mx\/index.php\/wp-json\/wp\/v2\/pages\/36851\/page\/2\/\">2<\/a>\n<a class=\"page-numbers\" href=\"https:\/\/nativoqueretaro.mx\/index.php\/wp-json\/wp\/v2\/pages\/36851\/page\/3\/\">3<\/a>\n<span class=\"page-numbers dots\">&hellip;<\/span>\n<a class=\"page-numbers\" href=\"https:\/\/nativoqueretaro.mx\/index.php\/wp-json\/wp\/v2\/pages\/36851\/page\/533\/\">533<\/a>\n<a class=\"next page-numbers\" href=\"https:\/\/nativoqueretaro.mx\/index.php\/wp-json\/wp\/v2\/pages\/36851\/page\/2\/\">Next &raquo;<\/a>\t<\/div>\r\n<\/div>\n","protected":false},"excerpt":{"rendered":"","protected":false},"author":1,"featured_media":0,"parent":0,"menu_order":0,"comment_status":"closed","ping_status":"closed","template":"","meta":{"_acf_changed":false,"ocean_post_layout":"right-sidebar","ocean_both_sidebars_style":"","ocean_both_sidebars_content_width":0,"ocean_both_sidebars_sidebars_width":0,"ocean_sidebar":"sidebar","ocean_second_sidebar":"0","ocean_disable_margins":"enable","ocean_add_body_class":"","ocean_shortcode_before_top_bar":"","ocean_shortcode_after_top_bar":"","ocean_shortcode_before_header":"","ocean_shortcode_after_header":"","ocean_has_shortcode":"","ocean_shortcode_after_title":"","ocean_shortcode_before_footer_widgets":"","ocean_shortcode_after_footer_widgets":"","ocean_shortcode_before_footer_bottom":"","ocean_shortcode_after_footer_bottom":"","ocean_display_top_bar":"default","ocean_display_header":"default","ocean_header_style":"","ocean_center_header_left_menu":"0","ocean_custom_header_template":"0","ocean_custom_logo":0,"ocean_custom_retina_logo":0,"ocean_custom_logo_max_width":0,"ocean_custom_logo_tablet_max_width":0,"ocean_custom_logo_mobile_max_width":0,"ocean_custom_logo_max_height":0,"ocean_custom_logo_tablet_max_height":0,"ocean_custom_logo_mobile_max_height":0,"ocean_header_custom_menu":"0","ocean_menu_typo_font_family":"0","ocean_menu_typo_font_subset":"","ocean_menu_typo_font_size":0,"ocean_menu_typo_font_size_tablet":0,"ocean_menu_typo_font_size_mobile":0,"ocean_menu_typo_font_size_unit":"px","ocean_menu_typo_font_weight":"","ocean_menu_typo_font_weight_tablet":"","ocean_menu_typo_font_weight_mobile":"","ocean_menu_typo_transform":"","ocean_menu_typo_transform_tablet":"","ocean_menu_typo_transform_mobile":"","ocean_menu_typo_line_height":0,"ocean_menu_typo_line_height_tablet":0,"ocean_menu_typo_line_height_mobile":0,"ocean_menu_typo_line_height_unit":"","ocean_menu_typo_spacing":0,"ocean_menu_typo_spacing_tablet":0,"ocean_menu_typo_spacing_mobile":0,"ocean_menu_typo_spacing_unit":"","ocean_menu_link_color":"","ocean_menu_link_color_hover":"","ocean_menu_link_color_active":"","ocean_menu_link_background":"","ocean_menu_link_hover_background":"","ocean_menu_link_active_background":"","ocean_menu_social_links_bg":"","ocean_menu_social_hover_links_bg":"","ocean_menu_social_links_color":"","ocean_menu_social_hover_links_color":"","ocean_disable_title":"default","ocean_disable_heading":"default","ocean_post_title":"","ocean_post_subheading":"","ocean_post_title_style":"","ocean_post_title_background_color":"","ocean_post_title_background":0,"ocean_post_title_bg_image_position":"","ocean_post_title_bg_image_attachment":"","ocean_post_title_bg_image_repeat":"","ocean_post_title_bg_image_size":"","ocean_post_title_height":0,"ocean_post_title_bg_overlay":0.5,"ocean_post_title_bg_overlay_color":"","ocean_disable_breadcrumbs":"default","ocean_breadcrumbs_color":"","ocean_breadcrumbs_separator_color":"","ocean_breadcrumbs_links_color":"","ocean_breadcrumbs_links_hover_color":"","ocean_display_footer_widgets":"default","ocean_display_footer_bottom":"default","ocean_custom_footer_template":"0","footnotes":""},"class_list":["post-36851","page","type-page","status-publish","hentry","entry","has-media"],"acf":[],"yoast_head":"<!-- This site is optimized with the Yoast SEO plugin v24.7 - https:\/\/yoast.com\/wordpress\/plugins\/seo\/ -->\n<title>San Juan del R\u00edo - Nativo Quer\u00e9taro<\/title>\n<meta name=\"robots\" content=\"index, follow, max-snippet:-1, max-image-preview:large, max-video-preview:-1\" \/>\n<link rel=\"canonical\" href=\"https:\/\/nativoqueretaro.mx\/index.php\/san-juan-del-rio\/\" \/>\n<meta property=\"og:locale\" content=\"es_MX\" \/>\n<meta property=\"og:type\" content=\"article\" \/>\n<meta property=\"og:title\" content=\"San Juan del R\u00edo - Nativo Quer\u00e9taro\" \/>\n<meta property=\"og:url\" content=\"https:\/\/nativoqueretaro.mx\/index.php\/san-juan-del-rio\/\" \/>\n<meta property=\"og:site_name\" content=\"Nativo Quer\u00e9taro\" \/>\n<meta property=\"article:modified_time\" content=\"2025-01-23T23:13:53+00:00\" \/>\n<meta name=\"twitter:card\" content=\"summary_large_image\" \/>\n<meta name=\"twitter:label1\" content=\"Tiempo de lectura\" \/>\n\t<meta name=\"twitter:data1\" content=\"1 minuto\" \/>\n<script type=\"application\/ld+json\" class=\"yoast-schema-graph\">{\"@context\":\"https:\/\/schema.org\",\"@graph\":[{\"@type\":\"WebPage\",\"@id\":\"https:\/\/nativoqueretaro.mx\/index.php\/san-juan-del-rio\/\",\"url\":\"https:\/\/nativoqueretaro.mx\/index.php\/san-juan-del-rio\/\",\"name\":\"San Juan del R\u00edo - Nativo Quer\u00e9taro\",\"isPartOf\":{\"@id\":\"https:\/\/nativoqueretaro.mx\/#website\"},\"datePublished\":\"2025-01-23T23:13:04+00:00\",\"dateModified\":\"2025-01-23T23:13:53+00:00\",\"breadcrumb\":{\"@id\":\"https:\/\/nativoqueretaro.mx\/index.php\/san-juan-del-rio\/#breadcrumb\"},\"inLanguage\":\"es\",\"potentialAction\":[{\"@type\":\"ReadAction\",\"target\":[\"https:\/\/nativoqueretaro.mx\/index.php\/san-juan-del-rio\/\"]}]},{\"@type\":\"BreadcrumbList\",\"@id\":\"https:\/\/nativoqueretaro.mx\/index.php\/san-juan-del-rio\/#breadcrumb\",\"itemListElement\":[{\"@type\":\"ListItem\",\"position\":1,\"name\":\"Home\",\"item\":\"https:\/\/nativoqueretaro.mx\/\"},{\"@type\":\"ListItem\",\"position\":2,\"name\":\"San Juan del R\u00edo\"}]},{\"@type\":\"WebSite\",\"@id\":\"https:\/\/nativoqueretaro.mx\/#website\",\"url\":\"https:\/\/nativoqueretaro.mx\/\",\"name\":\"Nativo Quer\u00e9taro\",\"description\":\"\",\"publisher\":{\"@id\":\"https:\/\/nativoqueretaro.mx\/#organization\"},\"potentialAction\":[{\"@type\":\"SearchAction\",\"target\":{\"@type\":\"EntryPoint\",\"urlTemplate\":\"https:\/\/nativoqueretaro.mx\/?s={search_term_string}\"},\"query-input\":{\"@type\":\"PropertyValueSpecification\",\"valueRequired\":true,\"valueName\":\"search_term_string\"}}],\"inLanguage\":\"es\"},{\"@type\":\"Organization\",\"@id\":\"https:\/\/nativoqueretaro.mx\/#organization\",\"name\":\"Nativo Quer\u00e9taro\",\"url\":\"https:\/\/nativoqueretaro.mx\/\",\"logo\":{\"@type\":\"ImageObject\",\"inLanguage\":\"es\",\"@id\":\"https:\/\/nativoqueretaro.mx\/#\/schema\/logo\/image\/\",\"url\":\"https:\/\/nativoqueretaro.mx\/wp-content\/uploads\/2025\/01\/NATIVO_QRO_white.svg\",\"contentUrl\":\"https:\/\/nativoqueretaro.mx\/wp-content\/uploads\/2025\/01\/NATIVO_QRO_white.svg\",\"caption\":\"Nativo Quer\u00e9taro\"},\"image\":{\"@id\":\"https:\/\/nativoqueretaro.mx\/#\/schema\/logo\/image\/\"}}]}<\/script>\n<!-- \/ Yoast SEO plugin. -->","yoast_head_json":{"title":"San Juan del R\u00edo - Nativo Quer\u00e9taro","robots":{"index":"index","follow":"follow","max-snippet":"max-snippet:-1","max-image-preview":"max-image-preview:large","max-video-preview":"max-video-preview:-1"},"canonical":"https:\/\/nativoqueretaro.mx\/index.php\/san-juan-del-rio\/","og_locale":"es_MX","og_type":"article","og_title":"San Juan del R\u00edo - Nativo Quer\u00e9taro","og_url":"https:\/\/nativoqueretaro.mx\/index.php\/san-juan-del-rio\/","og_site_name":"Nativo Quer\u00e9taro","article_modified_time":"2025-01-23T23:13:53+00:00","twitter_card":"summary_large_image","twitter_misc":{"Tiempo de lectura":"1 minuto"},"schema":{"@context":"https:\/\/schema.org","@graph":[{"@type":"WebPage","@id":"https:\/\/nativoqueretaro.mx\/index.php\/san-juan-del-rio\/","url":"https:\/\/nativoqueretaro.mx\/index.php\/san-juan-del-rio\/","name":"San Juan del R\u00edo - Nativo Quer\u00e9taro","isPartOf":{"@id":"https:\/\/nativoqueretaro.mx\/#website"},"datePublished":"2025-01-23T23:13:04+00:00","dateModified":"2025-01-23T23:13:53+00:00","breadcrumb":{"@id":"https:\/\/nativoqueretaro.mx\/index.php\/san-juan-del-rio\/#breadcrumb"},"inLanguage":"es","potentialAction":[{"@type":"ReadAction","target":["https:\/\/nativoqueretaro.mx\/index.php\/san-juan-del-rio\/"]}]},{"@type":"BreadcrumbList","@id":"https:\/\/nativoqueretaro.mx\/index.php\/san-juan-del-rio\/#breadcrumb","itemListElement":[{"@type":"ListItem","position":1,"name":"Home","item":"https:\/\/nativoqueretaro.mx\/"},{"@type":"ListItem","position":2,"name":"San Juan del R\u00edo"}]},{"@type":"WebSite","@id":"https:\/\/nativoqueretaro.mx\/#website","url":"https:\/\/nativoqueretaro.mx\/","name":"Nativo Quer\u00e9taro","description":"","publisher":{"@id":"https:\/\/nativoqueretaro.mx\/#organization"},"potentialAction":[{"@type":"SearchAction","target":{"@type":"EntryPoint","urlTemplate":"https:\/\/nativoqueretaro.mx\/?s={search_term_string}"},"query-input":{"@type":"PropertyValueSpecification","valueRequired":true,"valueName":"search_term_string"}}],"inLanguage":"es"},{"@type":"Organization","@id":"https:\/\/nativoqueretaro.mx\/#organization","name":"Nativo Quer\u00e9taro","url":"https:\/\/nativoqueretaro.mx\/","logo":{"@type":"ImageObject","inLanguage":"es","@id":"https:\/\/nativoqueretaro.mx\/#\/schema\/logo\/image\/","url":"https:\/\/nativoqueretaro.mx\/wp-content\/uploads\/2025\/01\/NATIVO_QRO_white.svg","contentUrl":"https:\/\/nativoqueretaro.mx\/wp-content\/uploads\/2025\/01\/NATIVO_QRO_white.svg","caption":"Nativo Quer\u00e9taro"},"image":{"@id":"https:\/\/nativoqueretaro.mx\/#\/schema\/logo\/image\/"}}]}},"_links":{"self":[{"href":"https:\/\/nativoqueretaro.mx\/index.php\/wp-json\/wp\/v2\/pages\/36851","targetHints":{"allow":["GET"]}}],"collection":[{"href":"https:\/\/nativoqueretaro.mx\/index.php\/wp-json\/wp\/v2\/pages"}],"about":[{"href":"https:\/\/nativoqueretaro.mx\/index.php\/wp-json\/wp\/v2\/types\/page"}],"author":[{"embeddable":true,"href":"https:\/\/nativoqueretaro.mx\/index.php\/wp-json\/wp\/v2\/users\/1"}],"replies":[{"embeddable":true,"href":"https:\/\/nativoqueretaro.mx\/index.php\/wp-json\/wp\/v2\/comments?post=36851"}],"version-history":[{"count":1,"href":"https:\/\/nativoqueretaro.mx\/index.php\/wp-json\/wp\/v2\/pages\/36851\/revisions"}],"predecessor-version":[{"id":36852,"href":"https:\/\/nativoqueretaro.mx\/index.php\/wp-json\/wp\/v2\/pages\/36851\/revisions\/36852"}],"wp:attachment":[{"href":"https:\/\/nativoqueretaro.mx\/index.php\/wp-json\/wp\/v2\/media?parent=36851"}],"curies":[{"name":"wp","href":"https:\/\/api.w.org\/{rel}","templated":true}]}}